{"id":7594,"date":"2021-03-30T15:43:03","date_gmt":"2021-03-30T13:43:03","guid":{"rendered":"https:\/\/mesel.com\/manufacturing-thermocouples-and-control-electronics\/equipos-de-medicion-de-co2\/"},"modified":"2025-02-18T10:42:53","modified_gmt":"2025-02-18T09:42:53","slug":"co2-measurement-equipment","status":"publish","type":"page","link":"https:\/\/mesel.com\/en\/manufacturing-thermocouples-and-control-electronics\/co2-measurement-equipment\/","title":{"rendered":"CO2"},"content":{"rendered":"<p><div class=\"fusion-fullwidth fullwidth-box fusion-builder-row-1 fusion-flex-container nonhundred-percent-fullwidth non-hundred-percent-height-scrolling\" style=\"--awb-border-radius-top-left:0px;--awb-border-radius-top-right:0px;--awb-border-radius-bottom-right:0px;--awb-border-radius-bottom-left:0px;--awb-padding-top:6%;--awb-flex-wrap:wrap;\" ><div class=\"fusion-builder-row fusion-row fusion-flex-align-items-flex-start fusion-flex-content-wrap\" style=\"max-width:1248px;margin-left: calc(-4% \/ 2 );margin-right: calc(-4% \/ 2 );\"><div class=\"fusion-layout-column fusion_builder_column fusion-builder-column-0 fusion_builder_column_1_6 1_6 fusion-flex-column\" style=\"--awb-bg-size:cover;--awb-width-large:16.666666666667%;--awb-margin-top-large:0px;--awb-spacing-right-large:11.52%;--awb-margin-bottom-large:20px;--awb-spacing-left-large:11.52%;--awb-width-medium:16.666666666667%;--awb-order-medium:0;--awb-spacing-right-medium:11.52%;--awb-spacing-left-medium:11.52%;--awb-width-small:100%;--awb-order-small:0;--awb-spacing-right-small:1.92%;--awb-spacing-left-small:1.92%;\"><div class=\"fusion-column-wrapper fusion-column-has-shadow fusion-flex-justify-content-flex-start fusion-content-layout-column\"><\/div><\/div><div class=\"fusion-layout-column fusion_builder_column fusion-builder-column-1 fusion_builder_column_2_3 2_3 fusion-flex-column\" style=\"--awb-bg-size:cover;--awb-width-large:66.666666666667%;--awb-margin-top-large:0px;--awb-spacing-right-large:2.88%;--awb-margin-bottom-large:20px;--awb-spacing-left-large:2.88%;--awb-width-medium:66.666666666667%;--awb-order-medium:0;--awb-spacing-right-medium:2.88%;--awb-spacing-left-medium:2.88%;--awb-width-small:100%;--awb-order-small:0;--awb-spacing-right-small:1.92%;--awb-spacing-left-small:1.92%;\"><div class=\"fusion-column-wrapper fusion-column-has-shadow fusion-flex-justify-content-flex-start fusion-content-layout-column\"><div class=\"fusion-separator\" style=\"align-self: center;margin-left: auto;margin-right: auto;margin-bottom:10px;width:100%;max-width:28%;\"><div class=\"fusion-separator-border sep-single sep-solid\" style=\"--awb-height:20px;--awb-amount:20px;--awb-sep-color:#003754;border-color:#003754;border-top-width:2px;\"><\/div><\/div><div class=\"fusion-title title fusion-title-1 fusion-sep-none fusion-title-center fusion-title-text fusion-title-size-two\" style=\"--awb-text-color:#0073ce;--awb-margin-top:0px;--awb-margin-bottom:20px;--awb-margin-top-small:0px;--awb-margin-right-small:0px;--awb-margin-bottom-small:10px;--awb-margin-left-small:0px;--awb-font-size:21px;\"><h2 class=\"fusion-title-heading title-heading-center\" style=\"font-family:&quot;Barlow&quot;;font-style:normal;font-weight:500;margin:0;letter-spacing:1px;font-size:1em;\">CO2 CONTROL<\/h2><\/div><div class=\"fusion-text fusion-text-1 justificado\"><p>Carbon dioxide (CO2) is a colorless, odorless, and tasteless gas produced by various industrial processess. Our CO2 measurement equipments are the ideal solution for air quality control.<\/p>\n<\/div><\/div><\/div><div class=\"fusion-layout-column fusion_builder_column fusion-builder-column-2 fusion_builder_column_1_6 1_6 fusion-flex-column\" style=\"--awb-bg-size:cover;--awb-width-large:16.666666666667%;--awb-margin-top-large:0px;--awb-spacing-right-large:11.52%;--awb-margin-bottom-large:20px;--awb-spacing-left-large:11.52%;--awb-width-medium:16.666666666667%;--awb-order-medium:0;--awb-spacing-right-medium:11.52%;--awb-spacing-left-medium:11.52%;--awb-width-small:100%;--awb-order-small:0;--awb-spacing-right-small:1.92%;--awb-spacing-left-small:1.92%;\"><div class=\"fusion-column-wrapper fusion-column-has-shadow fusion-flex-justify-content-flex-start fusion-content-layout-column\"><\/div><\/div><\/div><\/div><div class=\"fusion-fullwidth fullwidth-box fusion-builder-row-2 fusion-flex-container nonhundred-percent-fullwidth non-hundred-percent-height-scrolling\" style=\"--awb-border-radius-top-left:0px;--awb-border-radius-top-right:0px;--awb-border-radius-bottom-right:0px;--awb-border-radius-bottom-left:0px;--awb-padding-top:6%;--awb-padding-bottom:3%;--awb-padding-top-medium:100px;--awb-padding-bottom-medium:100px;--awb-padding-bottom-small:60px;--awb-flex-wrap:wrap;\" ><div class=\"fusion-builder-row fusion-row fusion-flex-align-items-stretch fusion-flex-justify-content-center fusion-flex-content-wrap\" style=\"max-width:1248px;margin-left: calc(-4% \/ 2 );margin-right: calc(-4% \/ 2 );\"><div class=\"fusion-layout-column fusion_builder_column fusion-builder-column-3 fusion_builder_column_1_2 1_2 fusion-flex-column\" style=\"--awb-padding-top:50px;--awb-padding-right:40px;--awb-padding-bottom:20px;--awb-padding-left:40px;--awb-bg-image:linear-gradient(180deg, #f2f2f2 0%,#f2f2f2 100%);--awb-bg-size:cover;--awb-border-color:#003754;--awb-border-bottom:2px;--awb-border-style:solid;--awb-width-large:50%;--awb-margin-top-large:0px;--awb-spacing-right-large:3.84%;--awb-margin-bottom-large:20px;--awb-spacing-left-large:3.84%;--awb-width-medium:33.333333333333%;--awb-order-medium:0;--awb-spacing-right-medium:5.76%;--awb-spacing-left-medium:5.76%;--awb-width-small:100%;--awb-order-small:0;--awb-spacing-right-small:1.92%;--awb-margin-bottom-small:60px;--awb-spacing-left-small:1.92%;\"><div class=\"fusion-column-wrapper fusion-column-has-shadow fusion-flex-justify-content-flex-start fusion-content-layout-column\"><div class=\"fusion-image-element \" style=\"text-align:center;--awb-margin-top:-150px;--awb-margin-bottom:0px;--awb-max-width:250px;--awb-caption-title-font-family:var(--h2_typography-font-family);--awb-caption-title-font-weight:var(--h2_typography-font-weight);--awb-caption-title-font-style:var(--h2_typography-font-style);--awb-caption-title-size:var(--h2_typography-font-size);--awb-caption-title-transform:var(--h2_typography-text-transform);--awb-caption-title-line-height:var(--h2_typography-line-height);--awb-caption-title-letter-spacing:var(--h2_typography-letter-spacing);\"><span class=\" fusion-imageframe imageframe-none imageframe-1 hover-type-none\"><img decoding=\"async\" width=\"290\" height=\"200\" title=\"Indicador multifunci\u00f3n de calidad del aire TGP03\/THP03 &#8211; Mesel\" src=\"https:\/\/mesel.com\/wp-content\/uploads\/indicadores-c02-ext-sf.png\" alt class=\"img-responsive wp-image-7500\" srcset=\"https:\/\/mesel.com\/wp-content\/uploads\/indicadores-c02-ext-sf-200x138.png 200w, https:\/\/mesel.com\/wp-content\/uploads\/indicadores-c02-ext-sf.png 290w\" sizes=\"(max-width: 640px) 100vw, 290px\" \/><\/span><\/div><div class=\"fusion-title title fusion-title-2 fusion-sep-none fusion-title-center fusion-title-text fusion-title-size-three\" style=\"--awb-margin-top:0px;--awb-margin-top-small:10px;--awb-margin-right-small:0px;--awb-margin-bottom-small:10px;--awb-margin-left-small:0px;--awb-font-size:20px;\"><h3 class=\"fusion-title-heading title-heading-center\" style=\"margin:0;font-size:1em;\">CO2 sensors and transmitters<\/h3><\/div><div class=\"fusion-text fusion-text-2 justificado\"><p>Multifunctional devices for air quality monitoring, including CO2 sensors and transmitters that also measure temperature and humidity.<\/p>\n<\/div><div style=\"text-align:center;\"><a class=\"fusion-button button-flat button-medium button-custom fusion-button-default button-1 fusion-button-default-span fusion-button-default-type\" style=\"--button_accent_color:#ffffff;--button_accent_hover_color:#ffffff;--button_border_hover_color:#ffffff;--button_gradient_top_color:#003754;--button_gradient_bottom_color:#003754;--button_gradient_top_color_hover:#0073ce;--button_gradient_bottom_color_hover:#0073ce;\" target=\"_self\" href=\"\/en\/manufacturing-thermocouples-and-control-electronics\/co2-measurement-equipment\/co2-sensors-and-transmitters\/\"><span class=\"fusion-button-text awb-button__text awb-button__text--default\">Learn more<\/span><\/a><\/div><div class=\"fusion-separator fusion-full-width-sep\" style=\"align-self: center;margin-left: auto;margin-right: auto;margin-top:15px;width:100%;\"><\/div><\/div><\/div><\/div><\/div><div class=\"fusion-fullwidth fullwidth-box fusion-builder-row-3 fusion-flex-container nonhundred-percent-fullwidth non-hundred-percent-height-scrolling\" style=\"--awb-border-color:#e8efef;--awb-border-radius-top-left:0px;--awb-border-radius-top-right:0px;--awb-border-radius-bottom-right:0px;--awb-border-radius-bottom-left:0px;--awb-padding-right:0px;--awb-padding-bottom:2%;--awb-padding-left:0px;--awb-margin-top:6%;--awb-background-color:#f2f2f2;--awb-flex-wrap:wrap;\" ><div class=\"fusion-builder-row fusion-row fusion-flex-align-items-stretch fusion-flex-content-wrap\" style=\"max-width:calc( 1200px + 0px );margin-left: calc(-0px \/ 2 );margin-right: calc(-0px \/ 2 );\"><div class=\"fusion-layout-column fusion_builder_column fusion-builder-column-4 fusion_builder_column_1_2 1_2 fusion-flex-column fusion-flex-align-self-center\" style=\"--awb-padding-top:6%;--awb-padding-right:15%;--awb-padding-bottom:6%;--awb-padding-left:15%;--awb-padding-top-medium:8vw;--awb-padding-bottom-medium:8vw;--awb-padding-top-small:10vh;--awb-padding-bottom-small:10vh;--awb-bg-color:#f2f2f2;--awb-bg-color-hover:#f2f2f2;--awb-bg-size:cover;--awb-width-large:50%;--awb-margin-top-large:0px;--awb-spacing-right-large:0px;--awb-margin-bottom-large:0px;--awb-spacing-left-large:0px;--awb-width-medium:50%;--awb-order-medium:0;--awb-spacing-right-medium:0px;--awb-spacing-left-medium:0px;--awb-width-small:100%;--awb-order-small:1;--awb-spacing-right-small:0px;--awb-spacing-left-small:0px;\"><div class=\"fusion-column-wrapper fusion-column-has-shadow fusion-flex-justify-content-center fusion-content-layout-column\"><div class=\"fusion-separator fusion-full-width-sep\" style=\"align-self: center;margin-left: auto;margin-right: auto;margin-top:2%;width:100%;\"><\/div><div class=\"fusion-separator\" style=\"align-self: center;margin-left: auto;margin-right: auto;margin-bottom:10px;width:100%;max-width:90%;\"><div class=\"fusion-separator-border sep-single sep-solid\" style=\"--awb-height:20px;--awb-amount:20px;--awb-sep-color:#003754;border-color:#003754;border-top-width:2px;\"><\/div><\/div><div class=\"fusion-title title fusion-title-3 fusion-sep-none fusion-title-center fusion-title-text fusion-title-size-div\" style=\"--awb-text-color:#0073ce;--awb-margin-top:0px;--awb-margin-bottom:0px;--awb-margin-top-small:0px;--awb-margin-right-small:0px;--awb-margin-bottom-small:10px;--awb-margin-left-small:0px;--awb-font-size:21px;\"><div class=\"fusion-title-heading title-heading-center title-heading-tag\" style=\"font-family:&quot;Barlow&quot;;font-style:normal;font-weight:500;margin:0;letter-spacing:1px;font-size:1em;\">A SERVICE THAT MAKES THE DIFFERENCE<\/div><\/div><div class=\"fusion-title title fusion-title-4 fusion-sep-none fusion-title-center fusion-title-rotating fusion-animate-once fusion-title-typeIn fusion-title-size-three\" style=\"--awb-text-color:#111111;--awb-margin-top:0px;--awb-margin-top-small:10px;--awb-margin-right-small:0px;--awb-margin-bottom-small:10px;--awb-margin-left-small:0px;--awb-font-size:30px;\"><h3 class=\"fusion-title-heading title-heading-center\" style=\"margin:0;font-size:1em;\"><span class=\"fusion-animated-text-prefix\">TRUST<\/span> <span class=\"fusion-animated-texts-wrapper\" style=\"color:#111111;font-size:30px;\" data-length=\"char\" data-minDisplayTime=\"1200\"><span class=\"fusion-animated-texts\"><span data-in-effect=\"typeIn\" class=\"fusion-animated-text\" data-in-sequence=\"true\" data-out-reverse=\"true\" data-out-effect=\"typeOut\">THE EXPERTS<\/span><\/span><\/span> <span class=\"fusion-animated-text-postfix\"><\/span><\/h3><\/div><div class=\"fusion-separator fusion-full-width-sep\" style=\"align-self: center;margin-left: auto;margin-right: auto;margin-top:15px;width:100%;\"><\/div><div class=\"fusion-text fusion-text-3\" style=\"--awb-content-alignment:center;\"><p>If you need more information about our CO2 measurement equipment or other process control and regulation solutions, contact us without commitment.<\/p>\n<\/div><div style=\"text-align:center;\"><a class=\"fusion-button button-flat fusion-button-default-size button-default fusion-button-default button-2 fusion-button-default-span fusion-button-default-type\" style=\"--button_margin-top:32px;\" target=\"_self\" href=\"\/en\/measurement-and-control-in-industrial-processes\/\"><span class=\"fusion-button-text awb-button__text awb-button__text--default\">CONTACT MESEL<\/span><\/a><\/div><\/div><\/div><div class=\"fusion-layout-column fusion_builder_column fusion-builder-column-5 fusion_builder_column_1_2 1_2 fusion-flex-column fusion-flex-align-self-center\" style=\"--awb-bg-position:right center;--awb-bg-blend:darken;--awb-bg-size:cover;--awb-width-large:50%;--awb-margin-top-large:-150px;--awb-spacing-right-large:0px;--awb-margin-bottom-large:0px;--awb-spacing-left-large:0px;--awb-width-medium:50%;--awb-order-medium:0;--awb-spacing-right-medium:0px;--awb-spacing-left-medium:0px;--awb-width-small:100%;--awb-order-small:0;--awb-margin-top-small:10px;--awb-spacing-right-small:0px;--awb-spacing-left-small:0px;\"><div class=\"fusion-column-wrapper fusion-column-has-shadow fusion-flex-justify-content-flex-start fusion-content-layout-column\"><div class=\"fusion-image-element \" style=\"text-align:left;--awb-caption-title-font-family:var(--h2_typography-font-family);--awb-caption-title-font-weight:var(--h2_typography-font-weight);--awb-caption-title-font-style:var(--h2_typography-font-style);--awb-caption-title-size:var(--h2_typography-font-size);--awb-caption-title-transform:var(--h2_typography-text-transform);--awb-caption-title-line-height:var(--h2_typography-line-height);--awb-caption-title-letter-spacing:var(--h2_typography-letter-spacing);\"><span class=\" fusion-imageframe imageframe-none imageframe-2 hover-type-none\"><img decoding=\"async\" width=\"940\" height=\"726\" title=\"cta-mesel\" src=\"https:\/\/mesel.com\/wp-content\/uploads\/cta-mesel-1.png\" alt class=\"img-responsive wp-image-7223\" srcset=\"https:\/\/mesel.com\/wp-content\/uploads\/cta-mesel-1-200x154.png 200w, https:\/\/mesel.com\/wp-content\/uploads\/cta-mesel-1-400x309.png 400w, https:\/\/mesel.com\/wp-content\/uploads\/cta-mesel-1-600x463.png 600w, https:\/\/mesel.com\/wp-content\/uploads\/cta-mesel-1-800x618.png 800w, https:\/\/mesel.com\/wp-content\/uploads\/cta-mesel-1.png 940w\" sizes=\"(max-width: 640px) 100vw, 800px\" \/><\/span><\/div><\/div><\/div><\/div><\/div><\/p>\n","protected":false},"excerpt":{"rendered":"","protected":false},"author":1,"featured_media":7202,"parent":7545,"menu_order":0,"comment_status":"closed","ping_status":"closed","template":"100-width.php","meta":{"footnotes":""},"class_list":["post-7594","page","type-page","status-publish","has-post-thumbnail","hentry"],"yoast_head":"<!-- This site is optimized with the Yoast SEO plugin v27.3 - https:\/\/yoast.com\/product\/yoast-seo-wordpress\/ -->\n<title>CO2 measurement equipment - Mesel<\/title>\n<meta name=\"description\" content=\"CO2 measurement devices are the ideal solution for monitoring air quality.\" \/>\n<meta name=\"robots\" content=\"index, follow, max-snippet:-1, max-image-preview:large, max-video-preview:-1\" \/>\n<link rel=\"canonical\" href=\"https:\/\/mesel.com\/en\/manufacturing-thermocouples-and-control-electronics\/co2-measurement-equipment\/\" \/>\n<meta property=\"og:locale\" content=\"en_US\" \/>\n<meta property=\"og:type\" content=\"article\" \/>\n<meta property=\"og:title\" content=\"CO2 measurement equipment - Mesel\" \/>\n<meta property=\"og:description\" content=\"CO2 measurement devices are the ideal solution for monitoring air quality.\" \/>\n<meta property=\"og:url\" content=\"https:\/\/mesel.com\/en\/manufacturing-thermocouples-and-control-electronics\/co2-measurement-equipment\/\" \/>\n<meta property=\"og:site_name\" content=\"Sondas de control de temperatura y termostatos - Mesel\" \/>\n<meta property=\"article:modified_time\" content=\"2025-02-18T09:42:53+00:00\" \/>\n<meta property=\"og:image\" content=\"https:\/\/mesel.com\/wp-content\/uploads\/cabecera-portfolio.jpg\" \/>\n\t<meta property=\"og:image:width\" content=\"1920\" \/>\n\t<meta property=\"og:image:height\" content=\"499\" \/>\n\t<meta property=\"og:image:type\" content=\"image\/jpeg\" \/>\n<meta name=\"twitter:card\" content=\"summary_large_image\" \/>\n<meta name=\"twitter:label1\" content=\"Est. reading time\" \/>\n\t<meta name=\"twitter:data1\" content=\"1 minute\" \/>\n<script type=\"application\/ld+json\" class=\"yoast-schema-graph\">{\"@context\":\"https:\\\/\\\/schema.org\",\"@graph\":[{\"@type\":\"WebPage\",\"@id\":\"https:\\\/\\\/mesel.com\\\/en\\\/manufacturing-thermocouples-and-control-electronics\\\/co2-measurement-equipment\\\/\",\"url\":\"https:\\\/\\\/mesel.com\\\/en\\\/manufacturing-thermocouples-and-control-electronics\\\/co2-measurement-equipment\\\/\",\"name\":\"CO2 measurement equipment - Mesel\",\"isPartOf\":{\"@id\":\"https:\\\/\\\/mesel.com\\\/en\\\/#website\"},\"primaryImageOfPage\":{\"@id\":\"https:\\\/\\\/mesel.com\\\/en\\\/manufacturing-thermocouples-and-control-electronics\\\/co2-measurement-equipment\\\/#primaryimage\"},\"image\":{\"@id\":\"https:\\\/\\\/mesel.com\\\/en\\\/manufacturing-thermocouples-and-control-electronics\\\/co2-measurement-equipment\\\/#primaryimage\"},\"thumbnailUrl\":\"https:\\\/\\\/mesel.com\\\/wp-content\\\/uploads\\\/cabecera-portfolio.jpg\",\"datePublished\":\"2021-03-30T13:43:03+00:00\",\"dateModified\":\"2025-02-18T09:42:53+00:00\",\"description\":\"CO2 measurement devices are the ideal solution for monitoring air quality.\",\"breadcrumb\":{\"@id\":\"https:\\\/\\\/mesel.com\\\/en\\\/manufacturing-thermocouples-and-control-electronics\\\/co2-measurement-equipment\\\/#breadcrumb\"},\"inLanguage\":\"en-US\",\"potentialAction\":[{\"@type\":\"ReadAction\",\"target\":[\"https:\\\/\\\/mesel.com\\\/en\\\/manufacturing-thermocouples-and-control-electronics\\\/co2-measurement-equipment\\\/\"]}]},{\"@type\":\"ImageObject\",\"inLanguage\":\"en-US\",\"@id\":\"https:\\\/\\\/mesel.com\\\/en\\\/manufacturing-thermocouples-and-control-electronics\\\/co2-measurement-equipment\\\/#primaryimage\",\"url\":\"https:\\\/\\\/mesel.com\\\/wp-content\\\/uploads\\\/cabecera-portfolio.jpg\",\"contentUrl\":\"https:\\\/\\\/mesel.com\\\/wp-content\\\/uploads\\\/cabecera-portfolio.jpg\",\"width\":1920,\"height\":499},{\"@type\":\"BreadcrumbList\",\"@id\":\"https:\\\/\\\/mesel.com\\\/en\\\/manufacturing-thermocouples-and-control-electronics\\\/co2-measurement-equipment\\\/#breadcrumb\",\"itemListElement\":[{\"@type\":\"ListItem\",\"position\":1,\"name\":\"Portada\",\"item\":\"https:\\\/\\\/mesel.com\\\/en\\\/\"},{\"@type\":\"ListItem\",\"position\":2,\"name\":\"Catalog\",\"item\":\"https:\\\/\\\/mesel.com\\\/en\\\/manufacturing-thermocouples-and-control-electronics\\\/\"},{\"@type\":\"ListItem\",\"position\":3,\"name\":\"CO2\"}]},{\"@type\":\"WebSite\",\"@id\":\"https:\\\/\\\/mesel.com\\\/en\\\/#website\",\"url\":\"https:\\\/\\\/mesel.com\\\/en\\\/\",\"name\":\"Sondas de control de temperatura y termostatos - Mesel\",\"description\":\"Fabricantes de termostatos de regulaci\u00f3n y control, instrumentaci\u00f3n electr\u00f3nica para la medici\u00f3n, control y regulaci\u00f3n de temperatura, humedad, presi\u00f3n y CO2.\",\"publisher\":{\"@id\":\"https:\\\/\\\/mesel.com\\\/en\\\/#organization\"},\"potentialAction\":[{\"@type\":\"SearchAction\",\"target\":{\"@type\":\"EntryPoint\",\"urlTemplate\":\"https:\\\/\\\/mesel.com\\\/en\\\/?s={search_term_string}\"},\"query-input\":{\"@type\":\"PropertyValueSpecification\",\"valueRequired\":true,\"valueName\":\"search_term_string\"}}],\"inLanguage\":\"en-US\"},{\"@type\":\"Organization\",\"@id\":\"https:\\\/\\\/mesel.com\\\/en\\\/#organization\",\"name\":\"Mesel S.L.\",\"url\":\"https:\\\/\\\/mesel.com\\\/en\\\/\",\"logo\":{\"@type\":\"ImageObject\",\"inLanguage\":\"en-US\",\"@id\":\"https:\\\/\\\/mesel.com\\\/en\\\/#\\\/schema\\\/logo\\\/image\\\/\",\"url\":\"https:\\\/\\\/mesel.com\\\/wp-content\\\/uploads\\\/logo-mesel.png\",\"contentUrl\":\"https:\\\/\\\/mesel.com\\\/wp-content\\\/uploads\\\/logo-mesel.png\",\"width\":320,\"height\":100,\"caption\":\"Mesel S.L.\"},\"image\":{\"@id\":\"https:\\\/\\\/mesel.com\\\/en\\\/#\\\/schema\\\/logo\\\/image\\\/\"}}]}<\/script>\n<!-- \/ Yoast SEO plugin. -->","yoast_head_json":{"title":"CO2 measurement equipment - Mesel","description":"CO2 measurement devices are the ideal solution for monitoring air quality.","robots":{"index":"index","follow":"follow","max-snippet":"max-snippet:-1","max-image-preview":"max-image-preview:large","max-video-preview":"max-video-preview:-1"},"canonical":"https:\/\/mesel.com\/en\/manufacturing-thermocouples-and-control-electronics\/co2-measurement-equipment\/","og_locale":"en_US","og_type":"article","og_title":"CO2 measurement equipment - Mesel","og_description":"CO2 measurement devices are the ideal solution for monitoring air quality.","og_url":"https:\/\/mesel.com\/en\/manufacturing-thermocouples-and-control-electronics\/co2-measurement-equipment\/","og_site_name":"Sondas de control de temperatura y termostatos - Mesel","article_modified_time":"2025-02-18T09:42:53+00:00","og_image":[{"width":1920,"height":499,"url":"https:\/\/mesel.com\/wp-content\/uploads\/cabecera-portfolio.jpg","type":"image\/jpeg"}],"twitter_card":"summary_large_image","twitter_misc":{"Est. reading time":"1 minute"},"schema":{"@context":"https:\/\/schema.org","@graph":[{"@type":"WebPage","@id":"https:\/\/mesel.com\/en\/manufacturing-thermocouples-and-control-electronics\/co2-measurement-equipment\/","url":"https:\/\/mesel.com\/en\/manufacturing-thermocouples-and-control-electronics\/co2-measurement-equipment\/","name":"CO2 measurement equipment - Mesel","isPartOf":{"@id":"https:\/\/mesel.com\/en\/#website"},"primaryImageOfPage":{"@id":"https:\/\/mesel.com\/en\/manufacturing-thermocouples-and-control-electronics\/co2-measurement-equipment\/#primaryimage"},"image":{"@id":"https:\/\/mesel.com\/en\/manufacturing-thermocouples-and-control-electronics\/co2-measurement-equipment\/#primaryimage"},"thumbnailUrl":"https:\/\/mesel.com\/wp-content\/uploads\/cabecera-portfolio.jpg","datePublished":"2021-03-30T13:43:03+00:00","dateModified":"2025-02-18T09:42:53+00:00","description":"CO2 measurement devices are the ideal solution for monitoring air quality.","breadcrumb":{"@id":"https:\/\/mesel.com\/en\/manufacturing-thermocouples-and-control-electronics\/co2-measurement-equipment\/#breadcrumb"},"inLanguage":"en-US","potentialAction":[{"@type":"ReadAction","target":["https:\/\/mesel.com\/en\/manufacturing-thermocouples-and-control-electronics\/co2-measurement-equipment\/"]}]},{"@type":"ImageObject","inLanguage":"en-US","@id":"https:\/\/mesel.com\/en\/manufacturing-thermocouples-and-control-electronics\/co2-measurement-equipment\/#primaryimage","url":"https:\/\/mesel.com\/wp-content\/uploads\/cabecera-portfolio.jpg","contentUrl":"https:\/\/mesel.com\/wp-content\/uploads\/cabecera-portfolio.jpg","width":1920,"height":499},{"@type":"BreadcrumbList","@id":"https:\/\/mesel.com\/en\/manufacturing-thermocouples-and-control-electronics\/co2-measurement-equipment\/#breadcrumb","itemListElement":[{"@type":"ListItem","position":1,"name":"Portada","item":"https:\/\/mesel.com\/en\/"},{"@type":"ListItem","position":2,"name":"Catalog","item":"https:\/\/mesel.com\/en\/manufacturing-thermocouples-and-control-electronics\/"},{"@type":"ListItem","position":3,"name":"CO2"}]},{"@type":"WebSite","@id":"https:\/\/mesel.com\/en\/#website","url":"https:\/\/mesel.com\/en\/","name":"Sondas de control de temperatura y termostatos - Mesel","description":"Fabricantes de termostatos de regulaci\u00f3n y control, instrumentaci\u00f3n electr\u00f3nica para la medici\u00f3n, control y regulaci\u00f3n de temperatura, humedad, presi\u00f3n y CO2.","publisher":{"@id":"https:\/\/mesel.com\/en\/#organization"},"potentialAction":[{"@type":"SearchAction","target":{"@type":"EntryPoint","urlTemplate":"https:\/\/mesel.com\/en\/?s={search_term_string}"},"query-input":{"@type":"PropertyValueSpecification","valueRequired":true,"valueName":"search_term_string"}}],"inLanguage":"en-US"},{"@type":"Organization","@id":"https:\/\/mesel.com\/en\/#organization","name":"Mesel S.L.","url":"https:\/\/mesel.com\/en\/","logo":{"@type":"ImageObject","inLanguage":"en-US","@id":"https:\/\/mesel.com\/en\/#\/schema\/logo\/image\/","url":"https:\/\/mesel.com\/wp-content\/uploads\/logo-mesel.png","contentUrl":"https:\/\/mesel.com\/wp-content\/uploads\/logo-mesel.png","width":320,"height":100,"caption":"Mesel S.L."},"image":{"@id":"https:\/\/mesel.com\/en\/#\/schema\/logo\/image\/"}}]}},"_links":{"self":[{"href":"https:\/\/mesel.com\/en\/wp-json\/wp\/v2\/pages\/7594","targetHints":{"allow":["GET"]}}],"collection":[{"href":"https:\/\/mesel.com\/en\/wp-json\/wp\/v2\/pages"}],"about":[{"href":"https:\/\/mesel.com\/en\/wp-json\/wp\/v2\/types\/page"}],"author":[{"embeddable":true,"href":"https:\/\/mesel.com\/en\/wp-json\/wp\/v2\/users\/1"}],"replies":[{"embeddable":true,"href":"https:\/\/mesel.com\/en\/wp-json\/wp\/v2\/comments?post=7594"}],"version-history":[{"count":2,"href":"https:\/\/mesel.com\/en\/wp-json\/wp\/v2\/pages\/7594\/revisions"}],"predecessor-version":[{"id":7708,"href":"https:\/\/mesel.com\/en\/wp-json\/wp\/v2\/pages\/7594\/revisions\/7708"}],"up":[{"embeddable":true,"href":"https:\/\/mesel.com\/en\/wp-json\/wp\/v2\/pages\/7545"}],"wp:featuredmedia":[{"embeddable":true,"href":"https:\/\/mesel.com\/en\/wp-json\/wp\/v2\/media\/7202"}],"wp:attachment":[{"href":"https:\/\/mesel.com\/en\/wp-json\/wp\/v2\/media?parent=7594"}],"curies":[{"name":"wp","href":"https:\/\/api.w.org\/{rel}","templated":true}]}}